{"id":16459,"date":"2023-07-06T09:18:45","date_gmt":"2023-07-06T09:18:45","guid":{"rendered":"https:\/\/viol.ee\/?page_id=16459"},"modified":"2025-10-15T16:33:38","modified_gmt":"2025-10-15T16:33:38","slug":"privaatsuspoliitika","status":"publish","type":"page","link":"https:\/\/viol.ee\/fi\/privaatsuspoliitika\/","title":{"rendered":""},"content":{"rendered":"<p>[et_pb_section fb_built=&#8221;1&#8243; _builder_version=&#8221;4.21.0&#8243; _module_preset=&#8221;default&#8221; custom_padding=&#8221;||69px|||&#8221; global_colors_info=&#8221;{}&#8221;][et_pb_row _builder_version=&#8221;4.21.0&#8243; _module_preset=&#8221;default&#8221; global_colors_info=&#8221;{}&#8221;][et_pb_column type=&#8221;4_4&#8243; _builder_version=&#8221;4.21.0&#8243; _module_preset=&#8221;default&#8221; global_colors_info=&#8221;{}&#8221;][et_pb_text _builder_version=&#8221;4.21.0&#8243; _module_preset=&#8221;88189985-383f-4a98-8bda-45b45a07d31e&#8221; header_2_font_size=&#8221;29px&#8221; custom_margin=&#8221;||-2px|||&#8221; locked=&#8221;off&#8221; global_colors_info=&#8221;{}&#8221;]<\/p>\n<h2 class=\"headline font-inherit fontsize-xxxxxl fontweight-800 lh-12 align-left transform-inherit\">Privaatsuspoliitika<\/h2>\n<p>[\/et_pb_text][et_pb_text _builder_version=&#8221;4.21.0&#8243; _module_preset=&#8221;default&#8221; text_font=&#8221;Montserrat||||||||&#8221; text_text_color=&#8221;#000000&#8243; text_font_size=&#8221;15px&#8221; custom_margin=&#8221;41px|0px||0px|false|true&#8221; custom_margin_tablet=&#8221;&#8221; custom_margin_phone=&#8221;||-20px||false|false&#8221; custom_margin_last_edited=&#8221;on|desktop&#8221; global_colors_info=&#8221;{}&#8221;]<\/p>\n<h4 style=\"text-align: justify;\">ViOL Solutions O\u00dc jaoks on oluline kaitsta meie klientide isiklikke andmeid. K\u00f5ik Viol.ee internetitegevused on koosk\u00f5las Euroopa \u00f5igusaktidega (EU Direktiiv 95\/46\/EC, 2002\/58\/EC ja Lepingu Konventsioonid ETS 108, ETS 181, ETS 185, ETS 189) ja Kesk- ja Ida Euroopa riikide \u00f5igusaktidega. See privaatsuse poliitika juhib andmete haldust, mida oleme Teie kohta on kogunud Teie k\u00fclastamisel meie kodulehek\u00fclgi.<\/h4>\n<p style=\"text-align: justify;\">ViOL Solutions O\u00dc vastutab kliendi isikuandmete eest, mis esitatakse ostude sooritamisel ning neid kasutatakse vaid tellimuse t\u00e4itmisel ja kliendisuhte hoidmisel.<\/p>\n<p style=\"text-align: justify;\">Isiklikud andmed on informatsioon, mis identifitseerib Teid, n\u00e4iteks: Teie nimi, Teie aadress, e-mail v\u00f5i postiaadress. Viol.ee ei kogu Teilt andmeid, v\u00e4lja arvatud juhul kui Te spetsiifiliselt neid avaldate, n\u00e4iteks tellides tooteid. Andmeid kasutatakse tellimuse t\u00e4itmiseks, arve saatmiseks ning kauba saatmiseks. Vastavalt vajadusele jagame andmeid oma partneritega, kes puutuvad tellimusega kokku nagu n\u00e4iteks transpordi ettev\u00f5tted, majandustarkvara, makselahenduste partnerid ja liisingu ettev\u00f5tted. Tellimusega seonduvaid andmeid hoiustame seadusest tulenevatele t\u00e4htaegadele vastavalt.<\/p>\n<p style=\"text-align: justify;\">ViOL Solutions O\u00dc kasutab Teie isiklikke andmeid vaid kodulehek\u00fclje tehnilise administratsiooni eesm\u00e4rkidel, et tagada Teile juurep\u00e4\u00e4s eri informatsioonile ja \u00fcldiseks suhtluseks teiega.<\/p>\n<p style=\"text-align: justify;\">Kui Te sisenete Viol.ee kodulehek\u00fcljele, salvestatakse \u00fcldised, mitteisiklikud andmed automaatselt (Kasutatav interneti brauser, k\u00fclastuste arv, keskmine lehek\u00fcljel veedetud aeg, sirvitud lehek\u00fcljed). Seda infot kasutatakse lehek\u00fclje atraktiivsuse hindamiseks ja lehek\u00fclje sisu ja funktsionaalsuse parandamiseks. Neid andmeid ei t\u00f6\u00f6delda edasi ega edastata kolmandatele isikutele.<\/p>\n<h4 style=\"text-align: justify;\">TURVALISUS<\/h4>\n<p style=\"text-align: justify;\">ViOL Solutions O\u00dc hoolitseb Teie andmete turvalisuse eest. Teie andmed on kohusetundlikult kaitstud kadumise, h\u00e4vinemise, moonutamise\/v\u00f5ltsimise, manipuleerimise ja volitamatu juurdep\u00e4\u00e4su v\u00f5i volitamatu avalikustamise eest.<\/p>\n<p style=\"text-align: justify;\">Ostjal on igal ajahetkel \u00f5igus v\u00f5tta andmete turunduslikuks kasutamiseks antud n\u00f5usolek tagasi, saates Viol-le vastavasisulise e- maili v\u00f5i edasiste otseturustuspakkumiste saamisest keeldumiseks j\u00e4rgides tema e- postile aadressile saadetud otseturustuspakkumises olevat juhist.<\/p>\n<h4 style=\"text-align: justify;\">K\u00dcPSISED<\/h4>\n<p style=\"text-align: justify;\">K\u00fcpsis on veebilehe k\u00fclastamisel teie arvutisse v\u00f5i seadmesse salvestatav v\u00e4ike fail, mis hoiab meeles teie tegevusi ja eelistusi (n\u00e4iteks sisselogimine, keelevalik jms). Nii ei pea te veebilehte korduvalt k\u00fclastades v\u00f5i teisele lehele liikudes oma eelistusi uuesti sisestama.<\/p>\n<p style=\"text-align: justify;\">Te saate k\u00fcpsiseid blokeerida, kui aktiveerite oma brauseris k\u00f5igi v\u00f5i osade k\u00fcpsiste paigaldamist keelavad seaded. K\u00fcpsiste blokeerimisel ei pruugi te aga saada ligip\u00e4\u00e4su meie veebilehe m\u00f5nele osale, funktsioonile v\u00f5i veebilehele tervikuna.<\/p>\n<p style=\"text-align: justify;\">J\u00e4tame endale \u00f5iguse k\u00e4esolevat k\u00fcpsiste poliitikat igal ajal muuta. Muudetud k\u00fcpsiste poliitika avaldame oma veebilehel t\u00f5stes vajadusel sellekohase teate brauseris esile.<\/p>\n<h4 style=\"text-align: justify;\">JURIIDILISED ANDMED<\/h4>\n<p style=\"text-align: justify;\">ViOL Solutions O\u00dc<\/p>\n<p style=\"text-align: justify;\">Harju maakond, Maardu linn, Vana-Narva mnt 5c, 74114<\/p>\n<p style=\"text-align: justify;\">Reg. Nr. 14915743<\/p>\n<p>[\/et_pb_text][\/et_pb_column][\/et_pb_row][\/et_pb_section][et_pb_section fb_built=&#8221;1&#8243; admin_label=&#8221;Footer&#8221; _builder_version=&#8221;4.16&#8243; _module_preset=&#8221;default&#8221; background_color=&#8221;#252930&#8243; custom_margin_tablet=&#8221;-37px||||false|false&#8221; custom_margin_phone=&#8221;&#8221; custom_margin_last_edited=&#8221;on|tablet&#8221; custom_padding=&#8221;70px||19px||false|false&#8221; locked=&#8221;off&#8221; global_colors_info=&#8221;{%22gcid-950d7fff-a32d-40ef-83df-61dacee8f149%22:%91%93}&#8221;][et_pb_row column_structure=&#8221;1_2,1_4,1_4&#8243; _builder_version=&#8221;4.16&#8243; _module_preset=&#8221;default&#8221; custom_margin=&#8221;||||false|false&#8221; custom_margin_tablet=&#8221;&#8221; custom_margin_phone=&#8221;-10px||18px||false|false&#8221; custom_margin_last_edited=&#8221;on|phone&#8221; custom_padding=&#8221;5px||||false|false&#8221; locked=&#8221;off&#8221; global_colors_info=&#8221;{}&#8221;][et_pb_column type=&#8221;1_2&#8243; _builder_version=&#8221;4.16&#8243; _module_preset=&#8221;default&#8221; global_colors_info=&#8221;{}&#8221;][et_pb_text _builder_version=&#8221;4.16&#8243; _module_preset=&#8221;default&#8221; custom_margin_tablet=&#8221;||54px||false|false&#8221; custom_margin_phone=&#8221;3px||29px||false|false&#8221; custom_margin_last_edited=&#8221;on|tablet&#8221; global_colors_info=&#8221;{}&#8221;]<\/p>\n<p style=\"text-align: center;\"><iframe src=\"https:\/\/www.google.com\/maps\/embed?pb=!1m18!1m12!1m3!1d2027.4595111177046!2d24.9354374160775!3d59.45876368170429!2m3!1f0!2f0!3f0!3m2!1i1024!2i768!4f13.1!3m3!1m2!1s0x4692eda57c2ac9b7%3A0x7cee7996b333c26d!2sVana-Narva%20mnt%205c%2C%20Maardu%2C%2074114%20Harju%20maakond!5e0!3m2!1sru!2see!4v1632726797721!5m2!1sru!2see\" width=\"600\" height=\"200\" style=\"border: 0;\" allowfullscreen=\"\" loading=\"lazy\"><\/iframe><\/p>\n<p>[\/et_pb_text][\/et_pb_column][et_pb_column type=&#8221;1_4&#8243; _builder_version=&#8221;4.16&#8243; _module_preset=&#8221;default&#8221; global_colors_info=&#8221;{}&#8221;][et_pb_text _builder_version=&#8221;4.16&#8243; _module_preset=&#8221;471a95ae-96f8-48b2-a44f-7c71b8a05f3c&#8221; text_text_color=&#8221;#DB3B26&#8243; header_4_font=&#8221;Roboto|700||on|||||&#8221; header_4_text_color=&#8221;#adadad&#8221; header_4_font_size=&#8221;12px&#8221; header_4_letter_spacing=&#8221;1px&#8221; header_4_line_height=&#8221;1.5em&#8221; custom_margin=&#8221;||0px||false|false&#8221; global_colors_info=&#8221;{}&#8221;]<\/p>\n<h4>osoite<\/h4>\n<p>[\/et_pb_text][et_pb_text _builder_version=&#8221;4.16&#8243; _module_preset=&#8221;default&#8221; text_font=&#8221;Montserrat||||||||&#8221; text_text_color=&#8221;#000000&#8243; text_font_size=&#8221;15px&#8221; link_text_color=&#8221;#FFFFFF&#8221; custom_margin=&#8221;-9px|0px||0px|false|true&#8221; custom_margin_tablet=&#8221;&#8221; custom_margin_phone=&#8221;&#8221; custom_margin_last_edited=&#8221;on|desktop&#8221; global_colors_info=&#8221;{}&#8221;]<\/p>\n<p><a href=\"http:\/\/callto\/\" data-type=\"URL\" data-id=\"callto\">Vana-Narva mnt 5c<\/a><\/p>\n<p>[\/et_pb_text][et_pb_text _builder_version=&#8221;4.16&#8243; _module_preset=&#8221;471a95ae-96f8-48b2-a44f-7c71b8a05f3c&#8221; text_text_color=&#8221;#DB3B26&#8243; header_4_font=&#8221;Roboto|700||on|||||&#8221; header_4_text_color=&#8221;#adadad&#8221; header_4_font_size=&#8221;12px&#8221; header_4_letter_spacing=&#8221;1px&#8221; header_4_line_height=&#8221;1.5em&#8221; custom_margin=&#8221;||0px||false|false&#8221; global_colors_info=&#8221;{}&#8221;]<\/p>\n<h4>kliendidele<\/h4>\n<p>[\/et_pb_text][et_pb_text _builder_version=&#8221;4.16&#8243; _module_preset=&#8221;default&#8221; text_font=&#8221;Montserrat||||||||&#8221; text_text_color=&#8221;#000000&#8243; text_font_size=&#8221;15px&#8221; link_text_color=&#8221;#FFFFFF&#8221; custom_margin=&#8221;-9px|0px||0px|false|true&#8221; custom_margin_tablet=&#8221;&#8221; custom_margin_phone=&#8221;&#8221; custom_margin_last_edited=&#8221;on|desktop&#8221; global_colors_info=&#8221;{}&#8221;]<\/p>\n<p><a href=\"http:\/\/callto\/\" data-type=\"URL\" data-id=\"callto\">+372 51 20 300<\/a><\/p>\n<p>[\/et_pb_text][et_pb_text _builder_version=&#8221;4.16&#8243; _module_preset=&#8221;471a95ae-96f8-48b2-a44f-7c71b8a05f3c&#8221; text_text_color=&#8221;#DB3B26&#8243; header_4_font=&#8221;Roboto|700||on|||||&#8221; header_4_text_color=&#8221;#adadad&#8221; header_4_font_size=&#8221;12px&#8221; header_4_letter_spacing=&#8221;1px&#8221; header_4_line_height=&#8221;1.5em&#8221; custom_margin=&#8221;||0px||false|false&#8221; global_colors_info=&#8221;{}&#8221;]<\/p>\n<h4>t\u00f6\u00f6otsijatele<\/h4>\n<p>[\/et_pb_text][et_pb_text _builder_version=&#8221;4.16&#8243; _module_preset=&#8221;default&#8221; text_font=&#8221;Montserrat||||||||&#8221; text_text_color=&#8221;#000000&#8243; text_font_size=&#8221;15px&#8221; link_text_color=&#8221;#FFFFFF&#8221; custom_margin=&#8221;-9px|0px||0px|false|true&#8221; custom_margin_tablet=&#8221;&#8221; custom_margin_phone=&#8221;&#8221; custom_margin_last_edited=&#8221;on|desktop&#8221; global_colors_info=&#8221;{}&#8221;]<\/p>\n<p><a href=\"http:\/\/callto\/\" data-type=\"URL\" data-id=\"callto\">+372 59 199 000<\/a><\/p>\n<p>[\/et_pb_text][\/et_pb_column][et_pb_column type=&#8221;1_4&#8243; _builder_version=&#8221;4.16&#8243; _module_preset=&#8221;default&#8221; global_colors_info=&#8221;{}&#8221;][et_pb_text _builder_version=&#8221;4.16&#8243; _module_preset=&#8221;471a95ae-96f8-48b2-a44f-7c71b8a05f3c&#8221; text_text_color=&#8221;#DB3B26&#8243; header_4_font=&#8221;Roboto|700||on|||||&#8221; header_4_text_color=&#8221;#adadad&#8221; header_4_font_size=&#8221;12px&#8221; header_4_letter_spacing=&#8221;1px&#8221; header_4_line_height=&#8221;1.5em&#8221; custom_margin=&#8221;||0px||false|false&#8221; locked=&#8221;off&#8221; global_colors_info=&#8221;{}&#8221;]<\/p>\n<h4>kirjutage<\/h4>\n<p>[\/et_pb_text][et_pb_text _builder_version=&#8221;4.16&#8243; _module_preset=&#8221;default&#8221; text_font=&#8221;Montserrat||||||||&#8221; text_text_color=&#8221;#000000&#8243; text_font_size=&#8221;15px&#8221; link_text_color=&#8221;#DB3B26&#8243; custom_margin=&#8221;-9px|0px||0px|false|true&#8221; custom_margin_tablet=&#8221;&#8221; custom_margin_phone=&#8221;-9px|0px|28px|0px|false|false&#8221; custom_margin_last_edited=&#8221;on|desktop&#8221; global_colors_info=&#8221;{}&#8221;]<\/p>\n<p><strong><a href=\"mailto:info@viol.ee\" data-type=\"URL\" data-id=\"callto\">info@viol.ee<\/a><\/strong><\/p>\n<p>[\/et_pb_text][et_pb_text _builder_version=&#8221;4.21.0&#8243; _module_preset=&#8221;471a95ae-96f8-48b2-a44f-7c71b8a05f3c&#8221; text_text_color=&#8221;#DB3B26&#8243; header_4_font=&#8221;Roboto|700||on|||||&#8221; header_4_text_color=&#8221;#adadad&#8221; header_4_font_size=&#8221;12px&#8221; header_4_letter_spacing=&#8221;1px&#8221; header_4_line_height=&#8221;1.5em&#8221; custom_margin=&#8221;||0px||false|false&#8221; locked=&#8221;off&#8221; global_colors_info=&#8221;{}&#8221;]<\/p>\n<h4><a href=\"https:\/\/viol.ee\/fi\/privaatsuspoliitika\/\">Tietosuojak\u00e4yt\u00e4nt\u00f6<\/a><\/h4>\n<p>[\/et_pb_text][\/et_pb_column][\/et_pb_row][et_pb_row column_structure=&#8221;1_2,1_2&#8243; _builder_version=&#8221;4.16&#8243; _module_preset=&#8221;default&#8221; custom_margin=&#8221;40px||||false|false&#8221; custom_margin_tablet=&#8221;6px||||false|false&#8221; custom_margin_phone=&#8221;&#8221; custom_margin_last_edited=&#8221;on|tablet&#8221; custom_padding=&#8221;0px||0px||false|false&#8221; border_color_all=&#8221;rgba(255,255,255,0.12)&#8221; border_width_top=&#8221;1px&#8221; locked=&#8221;off&#8221; global_colors_info=&#8221;{}&#8221;][et_pb_column type=&#8221;1_2&#8243; _builder_version=&#8221;4.16&#8243; _module_preset=&#8221;default&#8221; global_colors_info=&#8221;{}&#8221;][\/et_pb_column][et_pb_column type=&#8221;1_2&#8243; _builder_version=&#8221;4.16&#8243; _module_preset=&#8221;default&#8221; global_colors_info=&#8221;{}&#8221;][et_pb_text _builder_version=&#8221;4.16&#8243; _module_preset=&#8221;default&#8221; text_font=&#8221;Roboto||||||||&#8221; text_text_color=&#8221;#d1d1d1&#8243; text_font_size=&#8221;15px&#8221; link_text_color=&#8221;#DB3B26&#8243; text_orientation=&#8221;right&#8221; custom_margin=&#8221;20px||||false|false&#8221; custom_margin_tablet=&#8221;-26px||-25px||false|false&#8221; custom_margin_phone=&#8221;21px||0px||false|false&#8221; custom_margin_last_edited=&#8221;on|tablet&#8221; text_orientation_tablet=&#8221;center&#8221; text_orientation_phone=&#8221;&#8221; text_orientation_last_edited=&#8221;on|tablet&#8221; global_colors_info=&#8221;{%22gcid-c3ac2a62-ba66-479b-ad4a-f2673e4f8569%22:%91%93}&#8221;]<\/p>\n<p><span>\u00a9 Made with passion by <\/span><strong><a href=\"https:\/\/e-agentuur.ee\/\" target=\"_blank\" rel=\"noopener\">E-Agentuur<\/a>.<\/strong><\/p>\n<p>[\/et_pb_text][\/et_pb_column][\/et_pb_row][\/et_pb_section]<\/p>","protected":false},"excerpt":{"rendered":"<p>PrivaatsuspoliitikaViOL Solutions O\u00dc jaoks on oluline kaitsta meie klientide isiklikke andmeid. K\u00f5ik Viol.ee internetitegevused on koosk\u00f5las Euroopa \u00f5igusaktidega (EU Direktiiv 95\/46\/EC, 2002\/58\/EC ja Lepingu Konventsioonid ETS 108, ETS 181, ETS 185, ETS 189) ja Kesk- ja Ida Euroopa riikide \u00f5igusaktidega. See privaatsuse poliitika juhib andmete haldust, mida oleme Teie kohta on kogunud Teie k\u00fclastamisel meie [&hellip;]<\/p>","protected":false},"author":1,"featured_media":0,"parent":0,"menu_order":0,"comment_status":"closed","ping_status":"closed","template":"","meta":{"_et_pb_use_builder":"on","_et_pb_old_content":"","_et_gb_content_width":"","footnotes":""},"class_list":["post-16459","page","type-page","status-publish","hentry"],"yoast_head":"<!-- This site is optimized with the Yoast SEO plugin v25.8 - https:\/\/yoast.com\/wordpress\/plugins\/seo\/ -->\n<title>- ViOL Solutions<\/title>\n<meta name=\"robots\" content=\"index, follow, max-snippet:-1, max-image-preview:large, max-video-preview:-1\" \/>\n<link rel=\"canonical\" href=\"https:\/\/viol.ee\/fi\/privaatsuspoliitika\/\" \/>\n<meta property=\"og:locale\" content=\"fi_FI\" \/>\n<meta property=\"og:type\" content=\"article\" \/>\n<meta property=\"og:title\" content=\"- ViOL Solutions\" \/>\n<meta property=\"og:description\" content=\"PrivaatsuspoliitikaViOL Solutions O\u00dc jaoks on oluline kaitsta meie klientide isiklikke andmeid. K\u00f5ik Viol.ee internetitegevused on koosk\u00f5las Euroopa \u00f5igusaktidega (EU Direktiiv 95\/46\/EC, 2002\/58\/EC ja Lepingu Konventsioonid ETS 108, ETS 181, ETS 185, ETS 189) ja Kesk- ja Ida Euroopa riikide \u00f5igusaktidega. See privaatsuse poliitika juhib andmete haldust, mida oleme Teie kohta on kogunud Teie k\u00fclastamisel meie [&hellip;]\" \/>\n<meta property=\"og:url\" content=\"https:\/\/viol.ee\/fi\/privaatsuspoliitika\/\" \/>\n<meta property=\"og:site_name\" content=\"ViOL Solutions\" \/>\n<meta property=\"article:modified_time\" content=\"2025-10-15T16:33:38+00:00\" \/>\n<meta name=\"twitter:card\" content=\"summary_large_image\" \/>\n<meta name=\"twitter:label1\" content=\"Arvioitu lukuaika\" \/>\n\t<meta name=\"twitter:data1\" content=\"7 minuuttia\" \/>\n<script type=\"application\/ld+json\" class=\"yoast-schema-graph\">{\"@context\":\"https:\/\/schema.org\",\"@graph\":[{\"@type\":\"WebPage\",\"@id\":\"https:\/\/viol.ee\/privaatsuspoliitika\/\",\"url\":\"https:\/\/viol.ee\/privaatsuspoliitika\/\",\"name\":\"- ViOL Solutions\",\"isPartOf\":{\"@id\":\"https:\/\/viol.ee\/#website\"},\"datePublished\":\"2023-07-06T09:18:45+00:00\",\"dateModified\":\"2025-10-15T16:33:38+00:00\",\"inLanguage\":\"fi\",\"potentialAction\":[{\"@type\":\"ReadAction\",\"target\":[\"https:\/\/viol.ee\/privaatsuspoliitika\/\"]}]},{\"@type\":\"WebSite\",\"@id\":\"https:\/\/viol.ee\/#website\",\"url\":\"https:\/\/viol.ee\/\",\"name\":\"ViOL Solutions\",\"description\":\"\",\"publisher\":{\"@id\":\"https:\/\/viol.ee\/#organization\"},\"potentialAction\":[{\"@type\":\"SearchAction\",\"target\":{\"@type\":\"EntryPoint\",\"urlTemplate\":\"https:\/\/viol.ee\/?s={search_term_string}\"},\"query-input\":{\"@type\":\"PropertyValueSpecification\",\"valueRequired\":true,\"valueName\":\"search_term_string\"}}],\"inLanguage\":\"fi\"},{\"@type\":\"Organization\",\"@id\":\"https:\/\/viol.ee\/#organization\",\"name\":\"EH Rent Stuff\",\"url\":\"https:\/\/viol.ee\/\",\"logo\":{\"@type\":\"ImageObject\",\"inLanguage\":\"fi\",\"@id\":\"https:\/\/viol.ee\/#\/schema\/logo\/image\/\",\"url\":\"https:\/\/viol.ee\/wp-content\/uploads\/2020\/06\/\u0421\u043d\u0438\u043c\u043e\u043a-\u044d\u0430\u0443\u043a\u0440\u0430\u043d\u0430-2020-06-16-\u0432-14.12.31-3.png\",\"contentUrl\":\"https:\/\/viol.ee\/wp-content\/uploads\/2020\/06\/\u0421\u043d\u0438\u043c\u043e\u043a-\u044d\u0430\u0443\u043a\u0440\u0430\u043d\u0430-2020-06-16-\u0432-14.12.31-3.png\",\"width\":314,\"height\":50,\"caption\":\"EH Rent Stuff\"},\"image\":{\"@id\":\"https:\/\/viol.ee\/#\/schema\/logo\/image\/\"}}]}<\/script>\n<!-- \/ Yoast SEO plugin. -->","yoast_head_json":{"title":"- ViOL Solutions","robots":{"index":"index","follow":"follow","max-snippet":"max-snippet:-1","max-image-preview":"max-image-preview:large","max-video-preview":"max-video-preview:-1"},"canonical":"https:\/\/viol.ee\/fi\/privaatsuspoliitika\/","og_locale":"fi_FI","og_type":"article","og_title":"- ViOL Solutions","og_description":"PrivaatsuspoliitikaViOL Solutions O\u00dc jaoks on oluline kaitsta meie klientide isiklikke andmeid. K\u00f5ik Viol.ee internetitegevused on koosk\u00f5las Euroopa \u00f5igusaktidega (EU Direktiiv 95\/46\/EC, 2002\/58\/EC ja Lepingu Konventsioonid ETS 108, ETS 181, ETS 185, ETS 189) ja Kesk- ja Ida Euroopa riikide \u00f5igusaktidega. See privaatsuse poliitika juhib andmete haldust, mida oleme Teie kohta on kogunud Teie k\u00fclastamisel meie [&hellip;]","og_url":"https:\/\/viol.ee\/fi\/privaatsuspoliitika\/","og_site_name":"ViOL Solutions","article_modified_time":"2025-10-15T16:33:38+00:00","twitter_card":"summary_large_image","twitter_misc":{"Arvioitu lukuaika":"7 minuuttia"},"schema":{"@context":"https:\/\/schema.org","@graph":[{"@type":"WebPage","@id":"https:\/\/viol.ee\/privaatsuspoliitika\/","url":"https:\/\/viol.ee\/privaatsuspoliitika\/","name":"- ViOL Solutions","isPartOf":{"@id":"https:\/\/viol.ee\/#website"},"datePublished":"2023-07-06T09:18:45+00:00","dateModified":"2025-10-15T16:33:38+00:00","inLanguage":"fi","potentialAction":[{"@type":"ReadAction","target":["https:\/\/viol.ee\/privaatsuspoliitika\/"]}]},{"@type":"WebSite","@id":"https:\/\/viol.ee\/#website","url":"https:\/\/viol.ee\/","name":"ViOL Solutions","description":"","publisher":{"@id":"https:\/\/viol.ee\/#organization"},"potentialAction":[{"@type":"SearchAction","target":{"@type":"EntryPoint","urlTemplate":"https:\/\/viol.ee\/?s={search_term_string}"},"query-input":{"@type":"PropertyValueSpecification","valueRequired":true,"valueName":"search_term_string"}}],"inLanguage":"fi"},{"@type":"Organization","@id":"https:\/\/viol.ee\/#organization","name":"EH Rent Stuff","url":"https:\/\/viol.ee\/","logo":{"@type":"ImageObject","inLanguage":"fi","@id":"https:\/\/viol.ee\/#\/schema\/logo\/image\/","url":"https:\/\/viol.ee\/wp-content\/uploads\/2020\/06\/\u0421\u043d\u0438\u043c\u043e\u043a-\u044d\u0430\u0443\u043a\u0440\u0430\u043d\u0430-2020-06-16-\u0432-14.12.31-3.png","contentUrl":"https:\/\/viol.ee\/wp-content\/uploads\/2020\/06\/\u0421\u043d\u0438\u043c\u043e\u043a-\u044d\u0430\u0443\u043a\u0440\u0430\u043d\u0430-2020-06-16-\u0432-14.12.31-3.png","width":314,"height":50,"caption":"EH Rent Stuff"},"image":{"@id":"https:\/\/viol.ee\/#\/schema\/logo\/image\/"}}]}},"_links":{"self":[{"href":"https:\/\/viol.ee\/fi\/wp-json\/wp\/v2\/pages\/16459","targetHints":{"allow":["GET"]}}],"collection":[{"href":"https:\/\/viol.ee\/fi\/wp-json\/wp\/v2\/pages"}],"about":[{"href":"https:\/\/viol.ee\/fi\/wp-json\/wp\/v2\/types\/page"}],"author":[{"embeddable":true,"href":"https:\/\/viol.ee\/fi\/wp-json\/wp\/v2\/users\/1"}],"replies":[{"embeddable":true,"href":"https:\/\/viol.ee\/fi\/wp-json\/wp\/v2\/comments?post=16459"}],"version-history":[{"count":1,"href":"https:\/\/viol.ee\/fi\/wp-json\/wp\/v2\/pages\/16459\/revisions"}],"predecessor-version":[{"id":17129,"href":"https:\/\/viol.ee\/fi\/wp-json\/wp\/v2\/pages\/16459\/revisions\/17129"}],"wp:attachment":[{"href":"https:\/\/viol.ee\/fi\/wp-json\/wp\/v2\/media?parent=16459"}],"curies":[{"name":"wp","href":"https:\/\/api.w.org\/{rel}","templated":true}]}}